{"id":3,"date":"2024-05-26T12:14:38","date_gmt":"2024-05-26T12:14:38","guid":{"rendered":"https:\/\/mamamozza-tikkurila.fi\/?page_id=3"},"modified":"2024-06-02T10:36:00","modified_gmt":"2024-06-02T10:36:00","slug":"tietosuojaseloste","status":"publish","type":"page","link":"https:\/\/mamamozza-tikkurila.fi\/en\/tietosuojaseloste\/","title":{"rendered":"TIETOSUOJASELOSTE"},"content":{"rendered":"<h2>1. Rekisterinpit\u00e4j\u00e4<\/h2>\n<p>Mama Mozza Tikkurila<br>\n    Bibani Finland Oy<br>\n    Y-tunnus: 3176911-1<br>\n    Osoite: Kielotie 6, 01300 Vantaa<br>\n    Puhelin: 044 0408888<br>\n    Email: <a href=\"mailto:info@mamamozza-tikkurila.fi\">info@mamamozza-tikkurila.fi<\/a><\/p>\n\n<h2>2. Rekisterin nimi<\/h2>\n<p>Asiakasrekisteri<\/p>\n\n<h2>3. Henkil\u00f6tietojen k\u00e4sittelyn tarkoitus<\/h2>\n<p>K\u00e4sittelemme henkil\u00f6tietoja ensisijaisesti asiakassuhteen yll\u00e4pit\u00e4miseen, tilausten k\u00e4sittelyyn ja asiakaspalveluun liittyen. Lis\u00e4ksi voimme k\u00e4ytt\u00e4\u00e4 tietoja markkinointitarkoituksiin, mik\u00e4li olet antanut siihen suostumuksesi.<\/p>\n\n<h2>4. Ker\u00e4tt\u00e4v\u00e4t henkil\u00f6tiedot<\/h2>\n<p>Ker\u00e4\u00e4mme ja k\u00e4sittelemme asiakkaiden perustietoja, kuten nimi, osoite, puhelinnumero ja s\u00e4hk\u00f6postiosoite. Lis\u00e4ksi voimme tallentaa tietoja tilatuista tuotteista ja palveluista sek\u00e4 niiden toimitustiedoista.<\/p>\n\n<h2>5. Henkil\u00f6tietojen s\u00e4ilytysaika<\/h2>\n<p>S\u00e4ilyt\u00e4mme henkil\u00f6tietoja niin kauan kuin se on tarpeellista yll\u00e4 mainittujen tarkoitusten kannalta. Poistamme tiedot asiakkaan pyynn\u00f6st\u00e4 tai kun ne eiv\u00e4t en\u00e4\u00e4 ole tarpeellisia.<\/p>\n\n<h2>6. Tietojen luovutus kolmansille osapuolille<\/h2>\n<p>Emme luovuta henkil\u00f6tietoja kolmansille osapuolille ilman asiakkaan suostumusta, ellei se ole lakis\u00e4\u00e4teisesti tai viranomaisten vaatimusten perusteella tarpeellista.<\/p>\n\n<h2>7. Tietoturva<\/h2>\n<p>Henkil\u00f6tietojesi turvallisuus on meille ensiarvoisen t\u00e4rke\u00e4\u00e4. K\u00e4yt\u00e4mme asianmukaisia teknisi\u00e4 ja organisatorisia toimenpiteit\u00e4 varmistaaksemme tietojen turvallisuuden.<\/p>\n\n<h2>8. Rekister\u00f6idyn oikeudet<\/h2>\n<p>Rekister\u00f6idyll\u00e4 on oikeus tarkastaa itse\u00e4\u00e4n koskevat henkil\u00f6tiedot, pyyt\u00e4\u00e4 virheellisten tietojen korjaamista, rajoittaa tietojen k\u00e4sittely\u00e4 sek\u00e4 pyyt\u00e4\u00e4 tietojensa poistamista. Lis\u00e4ksi rekister\u00f6idyll\u00e4 on oikeus vastustaa tietojensa k\u00e4sittely\u00e4 markkinointitarkoituksiin.<\/p>\n\n<h2>9. Yhteydenotot<\/h2>\n<p>Kaikki tietosuojaan liittyv\u00e4t kysymykset ja pyynn\u00f6t tulee osoittaa kirjallisesti ja l\u00e4hett\u00e4\u00e4 osoitteeseen:<\/p>\n<address>\n    Mama Mozza<br>\n    Bibani Finland Oy<br>\n    Kielotie 6, 01300 Vantaa<br>\n    Email: <a href=\"mailto:info@mamamozza-tikkurila.fi\">info@mamamozza-tikkurila.fi<\/a>\n<\/address>\n\n\n\n<p><\/p>","protected":false},"excerpt":{"rendered":"<p>1. Rekisterinpit\u00e4j\u00e4 Mama Mozza Tikkurila Bibani Finland Oy Y-tunnus: 3176911-1 Osoite: Kielotie 6, 01300 Vantaa Puhelin: 044 0408888 S\u00e4hk\u00f6posti: info@mamamozza-tikkurila.fi 2. Rekisterin nimi Asiakasrekisteri 3. Henkil\u00f6tietojen k\u00e4sittelyn tarkoitus K\u00e4sittelemme henkil\u00f6tietoja ensisijaisesti asiakassuhteen yll\u00e4pit\u00e4miseen, tilausten k\u00e4sittelyyn ja asiakaspalveluun liittyen. Lis\u00e4ksi voimme k\u00e4ytt\u00e4\u00e4 tietoja markkinointitarkoituksiin, mik\u00e4li olet antanut siihen suostumuksesi. 4. Ker\u00e4tt\u00e4v\u00e4t henkil\u00f6tiedot Ker\u00e4\u00e4mme ja k\u00e4sittelemme asiakkaiden [&hellip;]<\/p>\n","protected":false},"author":1,"featured_media":0,"parent":0,"menu_order":0,"comment_status":"closed","ping_status":"closed","template":"","meta":{"footnotes":""},"class_list":["post-3","page","type-page","status-publish","hentry"],"_links":{"self":[{"href":"https:\/\/mamamozza-tikkurila.fi\/en\/wp-json\/wp\/v2\/pages\/3","targetHints":{"allow":["GET"]}}],"collection":[{"href":"https:\/\/mamamozza-tikkurila.fi\/en\/wp-json\/wp\/v2\/pages"}],"about":[{"href":"https:\/\/mamamozza-tikkurila.fi\/en\/wp-json\/wp\/v2\/types\/page"}],"author":[{"embeddable":true,"href":"https:\/\/mamamozza-tikkurila.fi\/en\/wp-json\/wp\/v2\/users\/1"}],"replies":[{"embeddable":true,"href":"https:\/\/mamamozza-tikkurila.fi\/en\/wp-json\/wp\/v2\/comments?post=3"}],"version-history":[{"count":0,"href":"https:\/\/mamamozza-tikkurila.fi\/en\/wp-json\/wp\/v2\/pages\/3\/revisions"}],"wp:attachment":[{"href":"https:\/\/mamamozza-tikkurila.fi\/en\/wp-json\/wp\/v2\/media?parent=3"}],"curies":[{"name":"wp","href":"https:\/\/api.w.org\/{rel}","templated":true}]}}