{"id":1695,"date":"2024-05-31T16:26:12","date_gmt":"2024-05-31T16:26:12","guid":{"rendered":"https:\/\/mamamozza-tikkurila.fi\/?page_id=1695"},"modified":"2024-06-01T07:48:03","modified_gmt":"2024-06-01T07:48:03","slug":"meista","status":"publish","type":"page","link":"https:\/\/mamamozza-tikkurila.fi\/en\/meista\/","title":{"rendered":"About Us"},"content":{"rendered":"<div data-elementor-type=\"wp-page\" data-elementor-id=\"1695\" class=\"elementor elementor-1695\" data-elementor-post-type=\"page\">\n\t\t\t\t<div class=\"elementor-element elementor-element-ff1fa4d e-flex e-con-boxed e-con e-parent\" data-id=\"ff1fa4d\" data-element_type=\"container\" data-e-type=\"container\">\n\t\t\t\t\t<div class=\"e-con-inner\">\n\t\t<div class=\"elementor-element elementor-element-a81218a e-con-full e-flex e-con e-child\" data-id=\"a81218a\" data-element_type=\"container\" data-e-type=\"container\" data-settings=\"{&quot;background_background&quot;:&quot;classic&quot;}\">\n\t\t\t\t<\/div>\n\t\t<div class=\"elementor-element elementor-element-ec46dd7 e-con-full e-flex e-con e-child\" data-id=\"ec46dd7\" data-element_type=\"container\" data-e-type=\"container\">\n\t\t\t\t<div class=\"elementor-element elementor-element-556f562 elementor-widget elementor-widget-heading\" data-id=\"556f562\" data-element_type=\"widget\" data-e-type=\"widget\" data-widget_type=\"heading.default\">\n\t\t\t\t<div class=\"elementor-widget-container\">\n\t\t\t\t\t<h2 class=\"elementor-heading-title elementor-size-default\">Mama Mozza Tikkurila\n<\/h2>\t\t\t\t<\/div>\n\t\t\t\t<\/div>\n\t\t\t\t<div class=\"elementor-element elementor-element-3ccff30 elementor-widget elementor-widget-text-editor\" data-id=\"3ccff30\" data-element_type=\"widget\" data-e-type=\"widget\" data-widget_type=\"text-editor.default\">\n\t\t\t\t<div class=\"elementor-widget-container\">\n\t\t\t\t\t\t\t\t\t<p>Mama Mozza combines the best aspects of Mediterranean and Middle Eastern cuisines into a unique culinary experience. Our dishes use plenty of olive oil, fresh herbs, and aromatic spices that highlight the distinctive character of each dish. Healthy vegetables and carefully marinated meats ensure that the flavors shine through and every bite is a delight.<\/p><p>We prepare our food with heart and without saving time. In our kitchen, we focus on quality and details to provide our customers with an unforgettable dining experience. Mama Mozza offers delicious \u00c0 la carte dishes as well as varied lunches, designed to cater to different taste preferences.<\/p><p>We offer a weekly changing lunch menu on weekdays between 10:00 AM and 2:30 PM. Our lunches are a perfect combination of flavors and nutrition that will keep you energetic throughout the day.<\/p><p>Additionally, we serve wines that complement our dishes, enhancing your dining experience. Our restaurant experts are always ready to assist you in selecting wines, ensuring you find the perfect pairing for your chosen meal.<\/p><p>Come and enjoy the atmosphere of Mama Mozza, where warm flavors and hospitality meet. We look forward to welcoming you!<\/p>\t\t\t\t\t\t\t\t<\/div>\n\t\t\t\t<\/div>\n\t\t\t\t<\/div>\n\t\t\t\t\t<\/div>\n\t\t\t\t<\/div>\n\t\t\t\t<\/div>","protected":false},"excerpt":{"rendered":"<p>Mama Mozza Tikkurila Mama Mozza yhdist\u00e4\u00e4 V\u00e4limeren ja L\u00e4hi-id\u00e4n keitti\u00f6iden parhaat puolet ainutlaatuiseksi makuel\u00e4mykseksi. Annoksissamme k\u00e4ytet\u00e4\u00e4n runsaasti oliivi\u00f6ljy\u00e4, tuoreita yrttej\u00e4 ja aromikkaita mausteita, jotka tuovat esiin jokaisen ruokalajin erityisluonteen. Terveelliset kasvikset ja huolella marinoitu liha takaavat, ett\u00e4 maut p\u00e4\u00e4sev\u00e4t oikeuksiinsa ja jokainen suupala on nautinto. Valmistamme ruoat syd\u00e4mell\u00e4 ja aikaa s\u00e4\u00e4st\u00e4m\u00e4tt\u00e4. Keitti\u00f6ss\u00e4mme panostetaan laatuun ja [&hellip;]<\/p>\n","protected":false},"author":1,"featured_media":0,"parent":0,"menu_order":0,"comment_status":"closed","ping_status":"closed","template":"","meta":{"footnotes":""},"class_list":["post-1695","page","type-page","status-publish","hentry"],"_links":{"self":[{"href":"https:\/\/mamamozza-tikkurila.fi\/en\/wp-json\/wp\/v2\/pages\/1695","targetHints":{"allow":["GET"]}}],"collection":[{"href":"https:\/\/mamamozza-tikkurila.fi\/en\/wp-json\/wp\/v2\/pages"}],"about":[{"href":"https:\/\/mamamozza-tikkurila.fi\/en\/wp-json\/wp\/v2\/types\/page"}],"author":[{"embeddable":true,"href":"https:\/\/mamamozza-tikkurila.fi\/en\/wp-json\/wp\/v2\/users\/1"}],"replies":[{"embeddable":true,"href":"https:\/\/mamamozza-tikkurila.fi\/en\/wp-json\/wp\/v2\/comments?post=1695"}],"version-history":[{"count":0,"href":"https:\/\/mamamozza-tikkurila.fi\/en\/wp-json\/wp\/v2\/pages\/1695\/revisions"}],"wp:attachment":[{"href":"https:\/\/mamamozza-tikkurila.fi\/en\/wp-json\/wp\/v2\/media?parent=1695"}],"curies":[{"name":"wp","href":"https:\/\/api.w.org\/{rel}","templated":true}]}}