{"id":13,"date":"2024-05-26T12:28:46","date_gmt":"2024-05-26T12:28:46","guid":{"rendered":"https:\/\/mamamozza-tikkurila.fi\/?page_id=13"},"modified":"2025-10-27T12:03:42","modified_gmt":"2025-10-27T10:03:42","slug":"varaa-poyta","status":"publish","type":"page","link":"https:\/\/mamamozza-tikkurila.fi\/en\/varaa-poyta\/","title":{"rendered":"Book a Table"},"content":{"rendered":"<div data-elementor-type=\"wp-page\" data-elementor-id=\"13\" class=\"elementor elementor-13\" data-elementor-post-type=\"page\">\n\t\t\t\t<div class=\"elementor-element elementor-element-083f1d3 e-flex e-con-boxed e-con e-parent\" data-id=\"083f1d3\" data-element_type=\"container\" data-e-type=\"container\">\n\t\t\t\t\t<div class=\"e-con-inner\">\n\t\t\t\t<div class=\"elementor-element elementor-element-7f16ef7 elementor-widget elementor-widget-heading\" data-id=\"7f16ef7\" data-element_type=\"widget\" data-e-type=\"widget\" data-widget_type=\"heading.default\">\n\t\t\t\t<div class=\"elementor-widget-container\">\n\t\t\t\t\t<h2 class=\"elementor-heading-title elementor-size-default\">P\u00d6YT\u00c4VARAUS<\/h2>\t\t\t\t<\/div>\n\t\t\t\t<\/div>\n\t\t\t\t<div class=\"elementor-element elementor-element-b05aed8 elementor-widget__width-initial elementor-widget elementor-widget-text-editor\" data-id=\"b05aed8\" data-element_type=\"widget\" data-e-type=\"widget\" data-widget_type=\"text-editor.default\">\n\t\t\t\t<div class=\"elementor-widget-container\">\n\t\t\t\t\t\t\t\t\t<p>Tervetuloa tekem\u00e4\u00e4n p\u00f6yt\u00e4varaus ravintolaamme, Mama Mozzaan. P\u00f6yt\u00e4varaus on voimassa 2,5 tuntia. Jos seurueessanne on yli 7 henkil\u00f6\u00e4, varatkaa p\u00f6yt\u00e4 puhelimitse tai chatin kautta verkkosivuiltamme. Otamme varauksia vastaan arkisin klo 15.00 j\u00e4lkeen ja viikonloppuisin klo 11.00 j\u00e4lkeen. Tervetuloa nauttimaan herkullisista annoksistamme!<\/p>\t\t\t\t\t\t\t\t<\/div>\n\t\t\t\t<\/div>\n\t\t\t\t\t<\/div>\n\t\t\t\t<\/div>\n\t\t<div class=\"elementor-element elementor-element-a22a9ea e-flex e-con-boxed e-con e-parent\" data-id=\"a22a9ea\" data-element_type=\"container\" data-e-type=\"container\">\n\t\t\t\t\t<div class=\"e-con-inner\">\n\t\t<div class=\"elementor-element elementor-element-b7e1ce9 e-con-full e-flex e-con e-child\" data-id=\"b7e1ce9\" data-element_type=\"container\" data-e-type=\"container\">\n\t\t\t\t<div class=\"elementor-element elementor-element-e6afeef elementor-widget elementor-widget-shortcode\" data-id=\"e6afeef\" data-element_type=\"widget\" data-e-type=\"widget\" data-widget_type=\"shortcode.default\">\n\t\t\t\t<div class=\"elementor-widget-container\">\n\t\t\t\t\t\t\t<div class=\"elementor-shortcode\">    <div class=\"main\">\r\n        <!-- Finnish Form -->\r\n        <div class=\"main-title\">\r\n            <h2>Book a Table<\/h2>\r\n        <\/div>\r\n        <form method=\"POST\" class=\"form\" id=\"reservationFormFinnish\" action=\"\">\r\n            <div class=\"main-date\">\r\n                <div class=\"date gaps\">\r\n                    <div class=\"date\">\r\n                        <label>Date<\/label>\r\n                        <span><em>Desired day<\/em><\/span>\r\n                    <\/div>\r\n                    <input type=\"date\" id=\"reservation_date\" name=\"reservation_date\" required>\r\n                <\/div>\r\n                <div class=\"date gaps\">\r\n                    <div class=\"date\">\r\n                        <label>Time<\/label>\r\n                        <span><em>Preferred time<\/em><\/span>\r\n                    <\/div>\r\n                    <div id=\"time_selection\" class=\"date select-in\">\r\n                        <select id=\"reservation_hour\" name=\"reservation_hour\" required>\r\n                            <!-- Options will be populated by JavaScript -->\r\n                        <\/select>\r\n                        <select id=\"reservation_minute\" name=\"reservation_minute\" required>\r\n                            <option value=\"00\">00<\/option>\r\n                            <option value=\"15\">15<\/option>\r\n                            <option value=\"30\">30<\/option>\r\n                            <option value=\"45\">45<\/option>\r\n                        <\/select>\r\n                    <\/div>\r\n                <\/div>\r\n            <\/div>\r\n            <div class=\"main-range\">\r\n                <div class=\"range-slider\">\r\n                    <div id=\"tooltip\">\r\n                        <div>1<\/div>\r\n                        <div>2<\/div>\r\n                        <div>3<\/div>\r\n                        <div>4<\/div>\r\n                        <div>5<\/div>\r\n                        <div>6<\/div>\r\n                        <div>7<\/div>\r\n                    <\/div>\r\n                    <input id=\"range\" type=\"range\" name=\"guests\" step=\"1\" value=\"1\" min=\"1\" max=\"7\">\r\n                <\/div>\r\n            <\/div>\r\n            <div class=\"main-input\">\r\n                <div class=\"input-sec-title\">\r\n                    <h2>Contact information<\/h2>\r\n                <\/div>\r\n                <div class=\"all-input\">\r\n                    <div class=\"date gaps\">\r\n                        <div class=\"date\">\r\n                            <label>Name<\/label>\r\n                            <span><em>First Name &amp; Last Name<\/em><\/span>\r\n                        <\/div>\r\n                        <input type=\"text\" name=\"name\" required>\r\n                    <\/div>\r\n                    <div class=\"date gaps phone-number\">\r\n                        <div class=\"date\">\r\n                            <label>Phone<\/label>\r\n                            <span><em>Phone<\/em><\/span>\r\n                        <\/div>\r\n                        <input type=\"text\" name=\"phone\" required>\r\n                        <span class=\"icons\"><i class=\"fa-solid fa-phone\"><\/i><\/span>\r\n                    <\/div>\r\n                    <div class=\"date massage-input gaps phone-number\">\r\n                        <div class=\"date\">\r\n                            <label>Email<\/label>\r\n                            <span><em>Confirmation<\/em><\/span>\r\n                        <\/div>\r\n                        <input type=\"email\" name=\"form_email\" class=\"massage-input-field\" required>\r\n                        <span class=\"icons\"><i class=\"fa-solid fa-envelope\"><\/i><\/span>\r\n                    <\/div>\r\n                    <div class=\"date send-massage-input gaps\">\r\n                        <div class=\"date\">\r\n                            <label>Message<\/label>\r\n                            <span><em>or requests<\/em><\/span>\r\n                        <\/div>\r\n                        <textarea rows=\"3\" name=\"message\" required><\/textarea>\r\n                    <\/div>\r\n                <\/div>\r\n            <\/div>\r\n            <!-- Hidden input to hold the reCAPTCHA token -->\r\n            <input type=\"hidden\" id=\"recaptcha_token\" name=\"recaptcha_token\">\r\n            <div class=\"submit-sec\">\r\n                <input type=\"submit\" value=\"CONFIRM RESERVATION\">\r\n            <\/div>\r\n        <input type=\"hidden\" name=\"trp-form-language\" value=\"en\"\/><\/form>\r\n        <div id=\"response\"><\/div>\r\n    <\/div>\r\n    <\/div>\n\t\t\t\t\t\t<\/div>\n\t\t\t\t<\/div>\n\t\t\t\t<\/div>\n\t\t<div class=\"elementor-element elementor-element-034ba62 e-con-full e-flex e-con e-child\" data-id=\"034ba62\" data-element_type=\"container\" data-e-type=\"container\">\n\t\t\t\t<div class=\"elementor-element elementor-element-c8858fa elementor-widget elementor-widget-heading\" data-id=\"c8858fa\" data-element_type=\"widget\" data-e-type=\"widget\" data-widget_type=\"heading.default\">\n\t\t\t\t<div class=\"elementor-widget-container\">\n\t\t\t\t\t<h2 class=\"elementor-heading-title elementor-size-default\">Mama Mozza Tikkurila<\/h2>\t\t\t\t<\/div>\n\t\t\t\t<\/div>\n\t\t<div class=\"elementor-element elementor-element-ba24059 e-flex e-con-boxed e-con e-child\" data-id=\"ba24059\" data-element_type=\"container\" data-e-type=\"container\">\n\t\t\t\t\t<div class=\"e-con-inner\">\n\t\t\t\t<div class=\"elementor-element elementor-element-24942cd elementor-widget elementor-widget-heading\" data-id=\"24942cd\" data-element_type=\"widget\" data-e-type=\"widget\" data-widget_type=\"heading.default\">\n\t\t\t\t<div class=\"elementor-widget-container\">\n\t\t\t\t\t<h2 class=\"elementor-heading-title elementor-size-default\">Opening Hours<\/h2>\t\t\t\t<\/div>\n\t\t\t\t<\/div>\n\t\t\t\t<div class=\"elementor-element elementor-element-743944d elementor-icon-list--layout-traditional elementor-list-item-link-full_width elementor-widget elementor-widget-icon-list\" data-id=\"743944d\" data-element_type=\"widget\" data-e-type=\"widget\" data-widget_type=\"icon-list.default\">\n\t\t\t\t<div class=\"elementor-widget-container\">\n\t\t\t\t\t\t\t<ul class=\"elementor-icon-list-items\">\n\t\t\t\t\t\t\t<li class=\"elementor-icon-list-item\">\n\t\t\t\t\t\t\t\t\t\t<span class=\"elementor-icon-list-text\">Ma - To: 10.00 - 20.00<\/span>\n\t\t\t\t\t\t\t\t\t<\/li>\n\t\t\t\t\t\t\t\t<li class=\"elementor-icon-list-item\">\n\t\t\t\t\t\t\t\t\t\t<span class=\"elementor-icon-list-text\">Pe: 10.00 - 21.00<\/span>\n\t\t\t\t\t\t\t\t\t<\/li>\n\t\t\t\t\t\t\t\t<li class=\"elementor-icon-list-item\">\n\t\t\t\t\t\t\t\t\t\t<span class=\"elementor-icon-list-text\">La: 11.00 - 21.00<\/span>\n\t\t\t\t\t\t\t\t\t<\/li>\n\t\t\t\t\t\t\t\t<li class=\"elementor-icon-list-item\">\n\t\t\t\t\t\t\t\t\t\t<span class=\"elementor-icon-list-text\">Su: 12.00 - 20.00<\/span>\n\t\t\t\t\t\t\t\t\t<\/li>\n\t\t\t\t\t\t<\/ul>\n\t\t\t\t\t\t<\/div>\n\t\t\t\t<\/div>\n\t\t\t\t\t<\/div>\n\t\t\t\t<\/div>\n\t\t\t\t<div class=\"elementor-element elementor-element-27aa767 elementor-icon-list--layout-traditional elementor-list-item-link-full_width elementor-widget elementor-widget-icon-list\" data-id=\"27aa767\" data-element_type=\"widget\" data-e-type=\"widget\" data-widget_type=\"icon-list.default\">\n\t\t\t\t<div class=\"elementor-widget-container\">\n\t\t\t\t\t\t\t<ul class=\"elementor-icon-list-items\">\n\t\t\t\t\t\t\t<li class=\"elementor-icon-list-item\">\n\t\t\t\t\t\t\t\t\t\t<span class=\"elementor-icon-list-text\">  <b>Address:<\/b> Kielotie 6, 01300 Vantaa<\/span>\n\t\t\t\t\t\t\t\t\t<\/li>\n\t\t\t\t\t\t\t\t<li class=\"elementor-icon-list-item\">\n\t\t\t\t\t\t\t\t\t\t\t<a href=\"tel:+358440408888\">\n\n\t\t\t\t\t\t\t\t\t\t\t<span class=\"elementor-icon-list-text\"><b>Phone:<\/b> 044 0408888<\/span>\n\t\t\t\t\t\t\t\t\t\t\t<\/a>\n\t\t\t\t\t\t\t\t\t<\/li>\n\t\t\t\t\t\t\t\t<li class=\"elementor-icon-list-item\">\n\t\t\t\t\t\t\t\t\t\t\t<a href=\"mailto:info@mamamozza-tikkurila.fi\">\n\n\t\t\t\t\t\t\t\t\t\t\t<span class=\"elementor-icon-list-text\"><b>Email:<\/b> info@mamamozza-tikkurila.fi<\/span>\n\t\t\t\t\t\t\t\t\t\t\t<\/a>\n\t\t\t\t\t\t\t\t\t<\/li>\n\t\t\t\t\t\t<\/ul>\n\t\t\t\t\t\t<\/div>\n\t\t\t\t<\/div>\n\t\t\t\t<div class=\"elementor-element elementor-element-b3ce5a7 elementor-widget elementor-widget-google_maps\" data-id=\"b3ce5a7\" data-element_type=\"widget\" data-e-type=\"widget\" data-widget_type=\"google_maps.default\">\n\t\t\t\t<div class=\"elementor-widget-container\">\n\t\t\t\t\t\t\t<div class=\"elementor-custom-embed\">\n\t\t\t<iframe loading=\"lazy\"\n\t\t\t\t\tsrc=\"https:\/\/maps.google.com\/maps?q=Kielotie%206%2C%2001300%20Vantaa&#038;t=m&#038;z=17&#038;output=embed&#038;iwloc=near\"\n\t\t\t\t\ttitle=\"Kielotie 6, 01300 Vantaa\"\n\t\t\t\t\taria-label=\"Kielotie 6, 01300 Vantaa\"\n\t\t\t><\/iframe>\n\t\t<\/div>\n\t\t\t\t\t\t<\/div>\n\t\t\t\t<\/div>\n\t\t\t\t<\/div>\n\t\t\t\t\t<\/div>\n\t\t\t\t<\/div>\n\t\t\t\t<\/div>","protected":false},"excerpt":{"rendered":"<p>P\u00d6YT\u00c4VARAUS Tervetuloa tekem\u00e4\u00e4n p\u00f6yt\u00e4varaus ravintolaamme, Mama Mozzaan. P\u00f6yt\u00e4varaus on voimassa 2,5 tuntia. Jos seurueessanne on yli 7 henkil\u00f6\u00e4, varatkaa p\u00f6yt\u00e4 puhelimitse tai chatin kautta verkkosivuiltamme. Otamme varauksia vastaan arkisin klo 15.00 j\u00e4lkeen ja viikonloppuisin klo 11.00 j\u00e4lkeen. Tervetuloa nauttimaan herkullisista annoksistamme! Mama Mozza Tikkurila Avoinna Ma &#8211; To: 10.00 &#8211; 20.00 Pe: 10.00 &#8211; 21.00 [&hellip;]<\/p>\n","protected":false},"author":1,"featured_media":0,"parent":0,"menu_order":0,"comment_status":"closed","ping_status":"closed","template":"","meta":{"footnotes":""},"class_list":["post-13","page","type-page","status-publish","hentry"],"_links":{"self":[{"href":"https:\/\/mamamozza-tikkurila.fi\/en\/wp-json\/wp\/v2\/pages\/13","targetHints":{"allow":["GET"]}}],"collection":[{"href":"https:\/\/mamamozza-tikkurila.fi\/en\/wp-json\/wp\/v2\/pages"}],"about":[{"href":"https:\/\/mamamozza-tikkurila.fi\/en\/wp-json\/wp\/v2\/types\/page"}],"author":[{"embeddable":true,"href":"https:\/\/mamamozza-tikkurila.fi\/en\/wp-json\/wp\/v2\/users\/1"}],"replies":[{"embeddable":true,"href":"https:\/\/mamamozza-tikkurila.fi\/en\/wp-json\/wp\/v2\/comments?post=13"}],"version-history":[{"count":12,"href":"https:\/\/mamamozza-tikkurila.fi\/en\/wp-json\/wp\/v2\/pages\/13\/revisions"}],"predecessor-version":[{"id":2720,"href":"https:\/\/mamamozza-tikkurila.fi\/en\/wp-json\/wp\/v2\/pages\/13\/revisions\/2720"}],"wp:attachment":[{"href":"https:\/\/mamamozza-tikkurila.fi\/en\/wp-json\/wp\/v2\/media?parent=13"}],"curies":[{"name":"wp","href":"https:\/\/api.w.org\/{rel}","templated":true}]}}